{"id":43,"date":"2024-03-27T11:01:08","date_gmt":"2024-03-27T11:01:08","guid":{"rendered":"http:\/\/www.hydra-adriatic.eu\/?page_id=43"},"modified":"2024-04-01T09:57:01","modified_gmt":"2024-04-01T07:57:01","slug":"hydra-groomers","status":"publish","type":"page","link":"https:\/\/www.hydra-adriatic.eu\/index.php\/izdelki\/hydra-groomers\/","title":{"rendered":"Hydra Groomers"},"content":{"rendered":"\t\t<div data-elementor-type=\"wp-page\" data-elementor-id=\"43\" class=\"elementor elementor-43\">\n\t\t\t\t<div class=\"elementor-element elementor-element-dc129ce e-flex e-con-boxed e-con e-parent\" data-id=\"dc129ce\" data-element_type=\"container\">\n\t\t\t\t\t<div class=\"e-con-inner\">\n\t\t\t\t<div class=\"elementor-element elementor-element-68f1eac elementor-widget elementor-widget-spacer\" data-id=\"68f1eac\" data-element_type=\"widget\" data-widget_type=\"spacer.default\">\n\t\t\t\t<div class=\"elementor-widget-container\">\n\t\t\t\t\t\t\t<div class=\"elementor-spacer\">\n\t\t\t<div class=\"elementor-spacer-inner\"><\/div>\n\t\t<\/div>\n\t\t\t\t\t\t<\/div>\n\t\t\t\t<\/div>\n\t\t\t\t<div class=\"elementor-element elementor-element-4dbd816 elementor-widget elementor-widget-image\" data-id=\"4dbd816\" data-element_type=\"widget\" data-widget_type=\"image.default\">\n\t\t\t\t<div class=\"elementor-widget-container\">\n\t\t\t\t\t\t\t\t\t\t\t\t\t\t\t<img fetchpriority=\"high\" decoding=\"async\" width=\"768\" height=\"135\" src=\"https:\/\/www.hydra-adriatic.eu\/wp-content\/uploads\/2024\/04\/hydra-slogan-768x135.png\" class=\"attachment-medium_large size-medium_large wp-image-411\" alt=\"\" srcset=\"https:\/\/www.hydra-adriatic.eu\/wp-content\/uploads\/2024\/04\/hydra-slogan-768x135.png 768w, https:\/\/www.hydra-adriatic.eu\/wp-content\/uploads\/2024\/04\/hydra-slogan-300x53.png 300w, https:\/\/www.hydra-adriatic.eu\/wp-content\/uploads\/2024\/04\/hydra-slogan-1024x180.png 1024w, https:\/\/www.hydra-adriatic.eu\/wp-content\/uploads\/2024\/04\/hydra-slogan-600x105.png 600w, https:\/\/www.hydra-adriatic.eu\/wp-content\/uploads\/2024\/04\/hydra-slogan.png 1254w\" sizes=\"(max-width: 768px) 100vw, 768px\" \/>\t\t\t\t\t\t\t\t\t\t\t\t\t\t\t<\/div>\n\t\t\t\t<\/div>\n\t\t\t\t<div class=\"elementor-element elementor-element-3a62624 elementor-widget elementor-widget-spacer\" data-id=\"3a62624\" data-element_type=\"widget\" data-widget_type=\"spacer.default\">\n\t\t\t\t<div class=\"elementor-widget-container\">\n\t\t\t\t\t\t\t<div class=\"elementor-spacer\">\n\t\t\t<div class=\"elementor-spacer-inner\"><\/div>\n\t\t<\/div>\n\t\t\t\t\t\t<\/div>\n\t\t\t\t<\/div>\n\t\t\t\t\t<\/div>\n\t\t\t\t<\/div>\n\t\t<div class=\"elementor-element elementor-element-f095887 e-flex e-con-boxed e-con e-parent\" data-id=\"f095887\" data-element_type=\"container\">\n\t\t\t\t\t<div class=\"e-con-inner\">\n\t\t<div class=\"elementor-element elementor-element-5ae96ca e-con-full e-flex e-con e-child\" data-id=\"5ae96ca\" data-element_type=\"container\">\n\t\t\t\t<div class=\"elementor-element elementor-element-6cb1010 elementor-widget elementor-widget-image\" data-id=\"6cb1010\" data-element_type=\"widget\" data-widget_type=\"image.default\">\n\t\t\t\t<div class=\"elementor-widget-container\">\n\t\t\t\t\t\t\t\t\t\t\t\t\t\t\t\t<a href=\"https:\/\/www.hydra-adriatic.eu\/index.php\/product-category\/hydra-groomers\/\">\n\t\t\t\t\t\t\t<img decoding=\"async\" width=\"950\" height=\"600\" src=\"https:\/\/www.hydra-adriatic.eu\/wp-content\/uploads\/2024\/03\/Groomers-line-sh-con.png\" class=\"attachment-large size-large wp-image-239\" alt=\"\" srcset=\"https:\/\/www.hydra-adriatic.eu\/wp-content\/uploads\/2024\/03\/Groomers-line-sh-con.png 950w, https:\/\/www.hydra-adriatic.eu\/wp-content\/uploads\/2024\/03\/Groomers-line-sh-con-300x189.png 300w, https:\/\/www.hydra-adriatic.eu\/wp-content\/uploads\/2024\/03\/Groomers-line-sh-con-768x485.png 768w, https:\/\/www.hydra-adriatic.eu\/wp-content\/uploads\/2024\/03\/Groomers-line-sh-con-600x379.png 600w\" sizes=\"(max-width: 950px) 100vw, 950px\" \/>\t\t\t\t\t\t\t\t<\/a>\n\t\t\t\t\t\t\t\t\t\t\t\t\t\t\t<\/div>\n\t\t\t\t<\/div>\n\t\t\t\t<\/div>\n\t\t<div class=\"elementor-element elementor-element-ddfdb8e e-con-full e-flex e-con e-child\" data-id=\"ddfdb8e\" data-element_type=\"container\">\n\t\t\t\t<div class=\"elementor-element elementor-element-013c4ed elementor-widget elementor-widget-heading\" data-id=\"013c4ed\" data-element_type=\"widget\" data-widget_type=\"heading.default\">\n\t\t\t\t<div class=\"elementor-widget-container\">\n\t\t\t\t\t<h1 class=\"elementor-heading-title elementor-size-default\">\u0160amponi in regeneratorji za vsako potrebo<\/h1>\t\t\t\t<\/div>\n\t\t\t\t<\/div>\n\t\t\t\t<div class=\"elementor-element elementor-element-ad67417 elementor-widget elementor-widget-text-editor\" data-id=\"ad67417\" data-element_type=\"widget\" data-widget_type=\"text-editor.default\">\n\t\t\t\t<div class=\"elementor-widget-container\">\n\t\t\t\t\t\t\t\t\t<p>Izjemni \u0161amponi in regeneratorji znamke Hydra Groomers so ustvarjeni za uporabo na najbolj zahtevnih tipih dlak. Med njimi najdete tako tipske izdelke kot take, ki so primerni za vse vrste dlak.\u00a0<\/p><p>Groomers linija je odli\u010dna za nego psov in ma\u010dk v salonih, saj zagotavlja le najbolj\u0161e rezultate! Njihova formulacija skrbi za hitro su\u0161enje in lahko izpiranje ter tako kraj\u0161a \u010das nege.<\/p>\t\t\t\t\t\t\t\t<\/div>\n\t\t\t\t<\/div>\n\t\t\t\t<\/div>\n\t\t\t\t\t<\/div>\n\t\t\t\t<\/div>\n\t\t<div class=\"elementor-element elementor-element-27a5eba e-flex e-con-boxed e-con e-parent\" data-id=\"27a5eba\" data-element_type=\"container\">\n\t\t\t\t\t<div class=\"e-con-inner\">\n\t\t\t\t<div class=\"elementor-element elementor-element-e3b3dce elementor-widget elementor-widget-spacer\" data-id=\"e3b3dce\" data-element_type=\"widget\" data-widget_type=\"spacer.default\">\n\t\t\t\t<div class=\"elementor-widget-container\">\n\t\t\t\t\t\t\t<div class=\"elementor-spacer\">\n\t\t\t<div class=\"elementor-spacer-inner\"><\/div>\n\t\t<\/div>\n\t\t\t\t\t\t<\/div>\n\t\t\t\t<\/div>\n\t\t\t\t\t<\/div>\n\t\t\t\t<\/div>\n\t\t<div class=\"elementor-element elementor-element-eaa2a27 e-flex e-con-boxed e-con e-parent\" data-id=\"eaa2a27\" data-element_type=\"container\" data-settings=\"{&quot;background_background&quot;:&quot;classic&quot;}\">\n\t\t\t\t\t<div class=\"e-con-inner\">\n\t\t<div class=\"elementor-element elementor-element-484a4bb e-flex e-con-boxed e-con e-child\" data-id=\"484a4bb\" data-element_type=\"container\">\n\t\t\t\t\t<div class=\"e-con-inner\">\n\t\t\t\t<div class=\"elementor-element elementor-element-b783176 elementor-widget elementor-widget-heading\" data-id=\"b783176\" data-element_type=\"widget\" data-widget_type=\"heading.default\">\n\t\t\t\t<div class=\"elementor-widget-container\">\n\t\t\t\t\t<h1 class=\"elementor-heading-title elementor-size-default\">Spreji tudi za najzahtevnej\u0161e<\/h1>\t\t\t\t<\/div>\n\t\t\t\t<\/div>\n\t\t\t\t<div class=\"elementor-element elementor-element-93cfe2d elementor-widget elementor-widget-text-editor\" data-id=\"93cfe2d\" data-element_type=\"widget\" data-widget_type=\"text-editor.default\">\n\t\t\t\t<div class=\"elementor-widget-container\">\n\t\t\t\t\t\t\t\t\t<p style=\"text-align: right;\">Zakaj si nebi dela olaj\u0161ali ter skraj\u0161ali, \u010de je to mo\u017eno in tako enostavno? Vrhunski spreji znamke Hydra Groomers so narejeni za obvladovanje kar najbolj zahtevnih ko\u017euhov!<\/p><p style=\"text-align: right;\">Le najbolj\u0161e sestavine bodo poskrbele za intenzivno nego in lahko ter hitro delo, kar bo skraj\u0161alo \u010das nege in vam dalo mo\u017enost za bolj prijetna opravila!<\/p>\t\t\t\t\t\t\t\t<\/div>\n\t\t\t\t<\/div>\n\t\t\t\t\t<\/div>\n\t\t\t\t<\/div>\n\t\t<div class=\"elementor-element elementor-element-4d5573d e-flex e-con-boxed e-con e-child\" data-id=\"4d5573d\" data-element_type=\"container\">\n\t\t\t\t\t<div class=\"e-con-inner\">\n\t\t\t\t<div class=\"elementor-element elementor-element-e108577 elementor-widget elementor-widget-image\" data-id=\"e108577\" data-element_type=\"widget\" data-widget_type=\"image.default\">\n\t\t\t\t<div class=\"elementor-widget-container\">\n\t\t\t\t\t\t\t\t\t\t\t\t\t\t\t\t<a href=\"https:\/\/www.hydra-adriatic.eu\/index.php\/product-category\/hydra-groomers\/\">\n\t\t\t\t\t\t\t<img decoding=\"async\" width=\"950\" height=\"600\" src=\"https:\/\/www.hydra-adriatic.eu\/wp-content\/uploads\/2024\/03\/Groomers-line-spreji.png\" class=\"attachment-large size-large wp-image-244\" alt=\"\" srcset=\"https:\/\/www.hydra-adriatic.eu\/wp-content\/uploads\/2024\/03\/Groomers-line-spreji.png 950w, https:\/\/www.hydra-adriatic.eu\/wp-content\/uploads\/2024\/03\/Groomers-line-spreji-300x189.png 300w, https:\/\/www.hydra-adriatic.eu\/wp-content\/uploads\/2024\/03\/Groomers-line-spreji-768x485.png 768w, https:\/\/www.hydra-adriatic.eu\/wp-content\/uploads\/2024\/03\/Groomers-line-spreji-600x379.png 600w\" sizes=\"(max-width: 950px) 100vw, 950px\" \/>\t\t\t\t\t\t\t\t<\/a>\n\t\t\t\t\t\t\t\t\t\t\t\t\t\t\t<\/div>\n\t\t\t\t<\/div>\n\t\t\t\t\t<\/div>\n\t\t\t\t<\/div>\n\t\t\t\t\t<\/div>\n\t\t\t\t<\/div>\n\t\t<div class=\"elementor-element elementor-element-d4f56a6 e-flex e-con-boxed e-con e-parent\" data-id=\"d4f56a6\" data-element_type=\"container\">\n\t\t\t\t\t<div class=\"e-con-inner\">\n\t\t\t\t<div class=\"elementor-element elementor-element-9450e7e elementor-widget elementor-widget-spacer\" data-id=\"9450e7e\" data-element_type=\"widget\" data-widget_type=\"spacer.default\">\n\t\t\t\t<div class=\"elementor-widget-container\">\n\t\t\t\t\t\t\t<div class=\"elementor-spacer\">\n\t\t\t<div class=\"elementor-spacer-inner\"><\/div>\n\t\t<\/div>\n\t\t\t\t\t\t<\/div>\n\t\t\t\t<\/div>\n\t\t\t\t\t<\/div>\n\t\t\t\t<\/div>\n\t\t<div class=\"elementor-element elementor-element-9b359d5 e-flex e-con-boxed e-con e-parent\" data-id=\"9b359d5\" data-element_type=\"container\">\n\t\t\t\t\t<div class=\"e-con-inner\">\n\t\t<div class=\"elementor-element elementor-element-82da66d e-con-full e-flex e-con e-child\" data-id=\"82da66d\" data-element_type=\"container\">\n\t\t\t\t<div class=\"elementor-element elementor-element-6b1a94e elementor-widget elementor-widget-image\" data-id=\"6b1a94e\" data-element_type=\"widget\" data-widget_type=\"image.default\">\n\t\t\t\t<div class=\"elementor-widget-container\">\n\t\t\t\t\t\t\t\t\t\t\t\t\t\t\t\t<a href=\"https:\/\/www.hydra-adriatic.eu\/index.php\/product-category\/hydra-groomers\/\">\n\t\t\t\t\t\t\t<img loading=\"lazy\" decoding=\"async\" width=\"950\" height=\"600\" src=\"https:\/\/www.hydra-adriatic.eu\/wp-content\/uploads\/2024\/03\/Groomers-line-parfumi.png\" class=\"attachment-large size-large wp-image-255\" alt=\"\" srcset=\"https:\/\/www.hydra-adriatic.eu\/wp-content\/uploads\/2024\/03\/Groomers-line-parfumi.png 950w, https:\/\/www.hydra-adriatic.eu\/wp-content\/uploads\/2024\/03\/Groomers-line-parfumi-300x189.png 300w, https:\/\/www.hydra-adriatic.eu\/wp-content\/uploads\/2024\/03\/Groomers-line-parfumi-768x485.png 768w, https:\/\/www.hydra-adriatic.eu\/wp-content\/uploads\/2024\/03\/Groomers-line-parfumi-600x379.png 600w\" sizes=\"(max-width: 950px) 100vw, 950px\" \/>\t\t\t\t\t\t\t\t<\/a>\n\t\t\t\t\t\t\t\t\t\t\t\t\t\t\t<\/div>\n\t\t\t\t<\/div>\n\t\t\t\t<\/div>\n\t\t<div class=\"elementor-element elementor-element-b55196b e-con-full e-flex e-con e-child\" data-id=\"b55196b\" data-element_type=\"container\">\n\t\t\t\t<div class=\"elementor-element elementor-element-7f4b794 elementor-widget elementor-widget-heading\" data-id=\"7f4b794\" data-element_type=\"widget\" data-widget_type=\"heading.default\">\n\t\t\t\t<div class=\"elementor-widget-container\">\n\t\t\t\t\t<h1 class=\"elementor-heading-title elementor-size-default\">Parfumi za vsako prilo\u017enost!<\/h1>\t\t\t\t<\/div>\n\t\t\t\t<\/div>\n\t\t\t\t<div class=\"elementor-element elementor-element-2d421bc elementor-widget elementor-widget-text-editor\" data-id=\"2d421bc\" data-element_type=\"widget\" data-widget_type=\"text-editor.default\">\n\t\t\t\t<div class=\"elementor-widget-container\">\n\t\t\t\t\t\t\t\t\t<p>Pester nabor vrhunskih parfumov za pse in ma\u010dke bodo zadovoljili tudi najbolj zahteven okus!<\/p><p>Njihova visoka koncentracija skrbi za to, da je obstojnost vonja dolga, hkrati pa ne boste porabili velike koli\u010dine za \u017eeljen efekt.\u00a0<\/p><p>Naj va\u0161ega ljubljen\u010dka spremlja va\u0161 najljub\u0161i vonj!<\/p>\t\t\t\t\t\t\t\t<\/div>\n\t\t\t\t<\/div>\n\t\t\t\t<\/div>\n\t\t\t\t\t<\/div>\n\t\t\t\t<\/div>\n\t\t<div class=\"elementor-element elementor-element-7338cdd e-flex e-con-boxed e-con e-parent\" data-id=\"7338cdd\" data-element_type=\"container\">\n\t\t\t\t\t<div class=\"e-con-inner\">\n\t\t\t\t<div class=\"elementor-element elementor-element-34c270a elementor-widget elementor-widget-spacer\" data-id=\"34c270a\" data-element_type=\"widget\" data-widget_type=\"spacer.default\">\n\t\t\t\t<div class=\"elementor-widget-container\">\n\t\t\t\t\t\t\t<div class=\"elementor-spacer\">\n\t\t\t<div class=\"elementor-spacer-inner\"><\/div>\n\t\t<\/div>\n\t\t\t\t\t\t<\/div>\n\t\t\t\t<\/div>\n\t\t\t\t\t<\/div>\n\t\t\t\t<\/div>\n\t\t<div class=\"elementor-element elementor-element-5d75d0c e-flex e-con-boxed e-con e-parent\" data-id=\"5d75d0c\" data-element_type=\"container\" data-settings=\"{&quot;background_background&quot;:&quot;classic&quot;}\">\n\t\t\t\t\t<div class=\"e-con-inner\">\n\t\t\t\t\t<\/div>\n\t\t\t\t<\/div>\n\t\t\t\t<\/div>\n\t\t","protected":false},"excerpt":{"rendered":"<p>\u0160amponi in regeneratorji za vsako potrebo Izjemni \u0161amponi in regeneratorji znamke Hydra Groomers so ustvarjeni za uporabo na najbolj zahtevnih tipih dlak. Med njimi najdete tako tipske izdelke kot take, ki so primerni za vse vrste dlak.\u00a0 Groomers linija je &hellip; <a class=\"kt-excerpt-readmore more-link\" href=\"https:\/\/www.hydra-adriatic.eu\/index.php\/izdelki\/hydra-groomers\/\">Read More<\/a><\/p>\n","protected":false},"author":1,"featured_media":0,"parent":38,"menu_order":0,"comment_status":"closed","ping_status":"closed","template":"","meta":{"footnotes":""},"_links":{"self":[{"href":"https:\/\/www.hydra-adriatic.eu\/index.php\/wp-json\/wp\/v2\/pages\/43"}],"collection":[{"href":"https:\/\/www.hydra-adriatic.eu\/index.php\/wp-json\/wp\/v2\/pages"}],"about":[{"href":"https:\/\/www.hydra-adriatic.eu\/index.php\/wp-json\/wp\/v2\/types\/page"}],"author":[{"embeddable":true,"href":"https:\/\/www.hydra-adriatic.eu\/index.php\/wp-json\/wp\/v2\/users\/1"}],"replies":[{"embeddable":true,"href":"https:\/\/www.hydra-adriatic.eu\/index.php\/wp-json\/wp\/v2\/comments?post=43"}],"version-history":[{"count":46,"href":"https:\/\/www.hydra-adriatic.eu\/index.php\/wp-json\/wp\/v2\/pages\/43\/revisions"}],"predecessor-version":[{"id":420,"href":"https:\/\/www.hydra-adriatic.eu\/index.php\/wp-json\/wp\/v2\/pages\/43\/revisions\/420"}],"up":[{"embeddable":true,"href":"https:\/\/www.hydra-adriatic.eu\/index.php\/wp-json\/wp\/v2\/pages\/38"}],"wp:attachment":[{"href":"https:\/\/www.hydra-adriatic.eu\/index.php\/wp-json\/wp\/v2\/media?parent=43"}],"curies":[{"name":"wp","href":"https:\/\/api.w.org\/{rel}","templated":true}]}}