{"id":273,"date":"2024-03-31T20:32:50","date_gmt":"2024-03-31T18:32:50","guid":{"rendered":"http:\/\/www.hydra-adriatic.eu\/?page_id=273"},"modified":"2024-04-01T09:44:47","modified_gmt":"2024-04-01T07:44:47","slug":"o-znamki","status":"publish","type":"page","link":"https:\/\/www.hydra-adriatic.eu\/index.php\/o-znamki\/","title":{"rendered":"O znamki"},"content":{"rendered":"\t\t<div data-elementor-type=\"wp-page\" data-elementor-id=\"273\" class=\"elementor elementor-273\">\n\t\t\t\t<div class=\"elementor-element elementor-element-2cfcb99 e-flex e-con-boxed e-con e-parent\" data-id=\"2cfcb99\" data-element_type=\"container\">\n\t\t\t\t\t<div class=\"e-con-inner\">\n\t\t\t\t<div class=\"elementor-element elementor-element-87433fb elementor-widget elementor-widget-spacer\" data-id=\"87433fb\" data-element_type=\"widget\" data-widget_type=\"spacer.default\">\n\t\t\t\t<div class=\"elementor-widget-container\">\n\t\t\t\t\t\t\t<div class=\"elementor-spacer\">\n\t\t\t<div class=\"elementor-spacer-inner\"><\/div>\n\t\t<\/div>\n\t\t\t\t\t\t<\/div>\n\t\t\t\t<\/div>\n\t\t\t\t\t<\/div>\n\t\t\t\t<\/div>\n\t\t<div class=\"elementor-element elementor-element-bc889e4 e-flex e-con-boxed e-con e-parent\" data-id=\"bc889e4\" data-element_type=\"container\">\n\t\t\t\t\t<div class=\"e-con-inner\">\n\t\t<div class=\"elementor-element elementor-element-318598d e-con-full e-flex e-con e-child\" data-id=\"318598d\" data-element_type=\"container\">\n\t\t\t\t<div class=\"elementor-element elementor-element-57c9349 elementor-widget elementor-widget-image\" data-id=\"57c9349\" data-element_type=\"widget\" data-widget_type=\"image.default\">\n\t\t\t\t<div class=\"elementor-widget-container\">\n\t\t\t\t\t\t\t\t\t\t\t\t\t\t\t<img fetchpriority=\"high\" decoding=\"async\" width=\"700\" height=\"700\" src=\"https:\/\/www.hydra-adriatic.eu\/wp-content\/uploads\/2024\/03\/imagens-para-site-hydra-internacional-700x700pixels2.png\" class=\"attachment-large size-large wp-image-278\" alt=\"\" srcset=\"https:\/\/www.hydra-adriatic.eu\/wp-content\/uploads\/2024\/03\/imagens-para-site-hydra-internacional-700x700pixels2.png 700w, https:\/\/www.hydra-adriatic.eu\/wp-content\/uploads\/2024\/03\/imagens-para-site-hydra-internacional-700x700pixels2-300x300.png 300w, https:\/\/www.hydra-adriatic.eu\/wp-content\/uploads\/2024\/03\/imagens-para-site-hydra-internacional-700x700pixels2-150x150.png 150w, https:\/\/www.hydra-adriatic.eu\/wp-content\/uploads\/2024\/03\/imagens-para-site-hydra-internacional-700x700pixels2-600x600.png 600w, https:\/\/www.hydra-adriatic.eu\/wp-content\/uploads\/2024\/03\/imagens-para-site-hydra-internacional-700x700pixels2-100x100.png 100w\" sizes=\"(max-width: 700px) 100vw, 700px\" \/>\t\t\t\t\t\t\t\t\t\t\t\t\t\t\t<\/div>\n\t\t\t\t<\/div>\n\t\t\t\t<\/div>\n\t\t<div class=\"elementor-element elementor-element-d9602aa e-con-full e-flex e-con e-child\" data-id=\"d9602aa\" data-element_type=\"container\">\n\t\t\t\t<div class=\"elementor-element elementor-element-c35eb55 elementor-widget elementor-widget-heading\" data-id=\"c35eb55\" data-element_type=\"widget\" data-widget_type=\"heading.default\">\n\t\t\t\t<div class=\"elementor-widget-container\">\n\t\t\t\t\t<h1 class=\"elementor-heading-title elementor-size-default\">Le najbolj\u0161e<\/h1>\t\t\t\t<\/div>\n\t\t\t\t<\/div>\n\t\t\t\t<div class=\"elementor-element elementor-element-dbc0aa2 elementor-widget elementor-widget-text-editor\" data-id=\"dbc0aa2\" data-element_type=\"widget\" data-widget_type=\"text-editor.default\">\n\t\t\t\t<div class=\"elementor-widget-container\">\n\t\t\t\t\t\t\t\t\t<p>17 let izku\u0161enj, testiranj in preizku\u0161anj najbolj\u0161ih formul skupaj z najbolj\u0161imi laboratoriji in priznanimi profesionalci v svetu nege malih \u017eivali, je pripeljalo do ustanovitve ene najbolj priznanih blagovnih znamk za nego malih \u017eivali \u2013 HYDRA.\u00a0<\/p><h5><strong>NAJVI\u0160JI STANDARDI<\/strong><\/h5><p>Ta vrhunska blagovna znamka prihaja iz Brazilije, kjer jo tudi proizvajajo v svojih lastnih tovarnah in laboratorijih, ki se pona\u0161ajo s \u0161tevilnimi nagradami in priznanji. Njihova proizvodnja spadaja v sam vrh na podro\u010dju kozmeti\u010dnih izdelkov v celotni ju\u017eni Ameriki.\u00a0<\/p><h5><strong>BOGATE IZKU\u0160NJE<\/strong><\/h5><p>Hydra znamka je soustvarjena s strani profesionalcev \u2013 negovalci so namre\u010d klju\u010dni del uspeha te blagovne znamke \u2013 nenazadnje brez groomerjev oz. profesionalnih negovalcev znamke Hydra v tak\u0161nem obsegu nebi poznali.\u00a0<\/p>\t\t\t\t\t\t\t\t<\/div>\n\t\t\t\t<\/div>\n\t\t\t\t<\/div>\n\t\t\t\t\t<\/div>\n\t\t\t\t<\/div>\n\t\t<div class=\"elementor-element elementor-element-7b0329a e-flex e-con-boxed e-con e-parent\" data-id=\"7b0329a\" data-element_type=\"container\">\n\t\t\t\t\t<div class=\"e-con-inner\">\n\t\t\t\t<div class=\"elementor-element elementor-element-982f96e elementor-widget elementor-widget-spacer\" data-id=\"982f96e\" data-element_type=\"widget\" data-widget_type=\"spacer.default\">\n\t\t\t\t<div class=\"elementor-widget-container\">\n\t\t\t\t\t\t\t<div class=\"elementor-spacer\">\n\t\t\t<div class=\"elementor-spacer-inner\"><\/div>\n\t\t<\/div>\n\t\t\t\t\t\t<\/div>\n\t\t\t\t<\/div>\n\t\t\t\t\t<\/div>\n\t\t\t\t<\/div>\n\t\t<div class=\"elementor-element elementor-element-3ed2142 e-flex e-con-boxed e-con e-parent\" data-id=\"3ed2142\" data-element_type=\"container\" data-settings=\"{&quot;background_background&quot;:&quot;classic&quot;}\">\n\t\t\t\t\t<div class=\"e-con-inner\">\n\t\t\t\t<div class=\"elementor-element elementor-element-1783adb elementor-widget elementor-widget-spacer\" data-id=\"1783adb\" data-element_type=\"widget\" data-widget_type=\"spacer.default\">\n\t\t\t\t<div class=\"elementor-widget-container\">\n\t\t\t\t\t\t\t<div class=\"elementor-spacer\">\n\t\t\t<div class=\"elementor-spacer-inner\"><\/div>\n\t\t<\/div>\n\t\t\t\t\t\t<\/div>\n\t\t\t\t<\/div>\n\t\t\t\t<div class=\"elementor-element elementor-element-daf987e elementor-widget-divider--view-line_icon elementor-view-default elementor-widget-divider--element-align-center elementor-widget elementor-widget-divider\" data-id=\"daf987e\" data-element_type=\"widget\" data-widget_type=\"divider.default\">\n\t\t\t\t<div class=\"elementor-widget-container\">\n\t\t\t\t\t\t\t<div class=\"elementor-divider\">\n\t\t\t<span class=\"elementor-divider-separator\">\n\t\t\t\t\t\t\t<div class=\"elementor-icon elementor-divider__element\">\n\t\t\t\t\t<svg aria-hidden=\"true\" class=\"e-font-icon-svg e-fas-star\" viewBox=\"0 0 576 512\" xmlns=\"http:\/\/www.w3.org\/2000\/svg\"><path d=\"M259.3 17.8L194 150.2 47.9 171.5c-26.2 3.8-36.7 36.1-17.7 54.6l105.7 103-25 145.5c-4.5 26.3 23.2 46 46.4 33.7L288 439.6l130.7 68.7c23.2 12.2 50.9-7.4 46.4-33.7l-25-145.5 105.7-103c19-18.5 8.5-50.8-17.7-54.6L382 150.2 316.7 17.8c-11.7-23.6-45.6-23.9-57.4 0z\"><\/path><\/svg><\/div>\n\t\t\t\t\t\t<\/span>\n\t\t<\/div>\n\t\t\t\t\t\t<\/div>\n\t\t\t\t<\/div>\n\t\t\t\t<div class=\"elementor-element elementor-element-d34e518 elementor-widget elementor-widget-text-editor\" data-id=\"d34e518\" data-element_type=\"widget\" data-widget_type=\"text-editor.default\">\n\t\t\t\t<div class=\"elementor-widget-container\">\n\t\t\t\t\t\t\t\t\t<p style=\"text-align: center;\">Slogan blagovne znamke HYDRA je tako popolnoma smiselen \u2013 Zasijte s pomo\u010djo Hydre \u2013 izra\u017ea kvaliteto njihovih izdelkov, vrhunske rezultate, ki jih le ta omogo\u010da in zadovoljstvo, ki ga bo prinesla ob uporabi njihovih izdelkov.<\/p>\t\t\t\t\t\t\t\t<\/div>\n\t\t\t\t<\/div>\n\t\t\t\t<div class=\"elementor-element elementor-element-118c3ac elementor-widget elementor-widget-heading\" data-id=\"118c3ac\" data-element_type=\"widget\" data-widget_type=\"heading.default\">\n\t\t\t\t<div class=\"elementor-widget-container\">\n\t\t\t\t\t<h1 class=\"elementor-heading-title elementor-size-default\">Zasijte s pomo\u010djo Hydre!<\/h1>\t\t\t\t<\/div>\n\t\t\t\t<\/div>\n\t\t\t\t<div class=\"elementor-element elementor-element-68a1852 elementor-widget elementor-widget-heading\" data-id=\"68a1852\" data-element_type=\"widget\" data-widget_type=\"heading.default\">\n\t\t\t\t<div class=\"elementor-widget-container\">\n\t\t\t\t\t<h3 class=\"elementor-heading-title elementor-size-default\">Dobrodo\u0161li v svetovni dru\u017eini najbolj\u0161ih negovalcev!<\/h3>\t\t\t\t<\/div>\n\t\t\t\t<\/div>\n\t\t\t\t<div class=\"elementor-element elementor-element-5e1f72b elementor-widget elementor-widget-spacer\" data-id=\"5e1f72b\" data-element_type=\"widget\" data-widget_type=\"spacer.default\">\n\t\t\t\t<div class=\"elementor-widget-container\">\n\t\t\t\t\t\t\t<div class=\"elementor-spacer\">\n\t\t\t<div class=\"elementor-spacer-inner\"><\/div>\n\t\t<\/div>\n\t\t\t\t\t\t<\/div>\n\t\t\t\t<\/div>\n\t\t\t\t\t<\/div>\n\t\t\t\t<\/div>\n\t\t<div class=\"elementor-element elementor-element-2609862 e-con-full e-flex e-con e-parent\" data-id=\"2609862\" data-element_type=\"container\" data-settings=\"{&quot;background_background&quot;:&quot;classic&quot;}\">\n\t\t\t\t<div class=\"elementor-element elementor-element-d3fbf32 elementor-widget elementor-widget-image\" data-id=\"d3fbf32\" data-element_type=\"widget\" data-widget_type=\"image.default\">\n\t\t\t\t<div class=\"elementor-widget-container\">\n\t\t\t\t\t\t\t\t\t\t\t\t\t\t\t<img decoding=\"async\" width=\"1024\" height=\"480\" src=\"https:\/\/www.hydra-adriatic.eu\/wp-content\/uploads\/2024\/03\/Shine-Bright-With-Hydra-1024x480.png\" class=\"attachment-large size-large wp-image-275\" alt=\"\" srcset=\"https:\/\/www.hydra-adriatic.eu\/wp-content\/uploads\/2024\/03\/Shine-Bright-With-Hydra-1024x480.png 1024w, https:\/\/www.hydra-adriatic.eu\/wp-content\/uploads\/2024\/03\/Shine-Bright-With-Hydra-300x141.png 300w, https:\/\/www.hydra-adriatic.eu\/wp-content\/uploads\/2024\/03\/Shine-Bright-With-Hydra-768x360.png 768w, https:\/\/www.hydra-adriatic.eu\/wp-content\/uploads\/2024\/03\/Shine-Bright-With-Hydra-1536x720.png 1536w, https:\/\/www.hydra-adriatic.eu\/wp-content\/uploads\/2024\/03\/Shine-Bright-With-Hydra-600x281.png 600w, https:\/\/www.hydra-adriatic.eu\/wp-content\/uploads\/2024\/03\/Shine-Bright-With-Hydra.png 1920w\" sizes=\"(max-width: 1024px) 100vw, 1024px\" \/>\t\t\t\t\t\t\t\t\t\t\t\t\t\t\t<\/div>\n\t\t\t\t<\/div>\n\t\t\t\t<\/div>\n\t\t\t\t<\/div>\n\t\t","protected":false},"excerpt":{"rendered":"<p>Le najbolj\u0161e 17 let izku\u0161enj, testiranj in preizku\u0161anj najbolj\u0161ih formul skupaj z najbolj\u0161imi laboratoriji in priznanimi profesionalci v svetu nege malih \u017eivali, je pripeljalo do ustanovitve ene najbolj priznanih blagovnih znamk za nego malih \u017eivali \u2013 HYDRA.\u00a0 NAJVI\u0160JI STANDARDI Ta &hellip; <a class=\"kt-excerpt-readmore more-link\" href=\"https:\/\/www.hydra-adriatic.eu\/index.php\/o-znamki\/\">Read More<\/a><\/p>\n","protected":false},"author":1,"featured_media":0,"parent":0,"menu_order":0,"comment_status":"closed","ping_status":"closed","template":"","meta":{"footnotes":""},"_links":{"self":[{"href":"https:\/\/www.hydra-adriatic.eu\/index.php\/wp-json\/wp\/v2\/pages\/273"}],"collection":[{"href":"https:\/\/www.hydra-adriatic.eu\/index.php\/wp-json\/wp\/v2\/pages"}],"about":[{"href":"https:\/\/www.hydra-adriatic.eu\/index.php\/wp-json\/wp\/v2\/types\/page"}],"author":[{"embeddable":true,"href":"https:\/\/www.hydra-adriatic.eu\/index.php\/wp-json\/wp\/v2\/users\/1"}],"replies":[{"embeddable":true,"href":"https:\/\/www.hydra-adriatic.eu\/index.php\/wp-json\/wp\/v2\/comments?post=273"}],"version-history":[{"count":25,"href":"https:\/\/www.hydra-adriatic.eu\/index.php\/wp-json\/wp\/v2\/pages\/273\/revisions"}],"predecessor-version":[{"id":404,"href":"https:\/\/www.hydra-adriatic.eu\/index.php\/wp-json\/wp\/v2\/pages\/273\/revisions\/404"}],"wp:attachment":[{"href":"https:\/\/www.hydra-adriatic.eu\/index.php\/wp-json\/wp\/v2\/media?parent=273"}],"curies":[{"name":"wp","href":"https:\/\/api.w.org\/{rel}","templated":true}]}}