{"id":10,"date":"2023-11-06T12:49:46","date_gmt":"2023-11-06T12:49:46","guid":{"rendered":"http:\/\/www.hydra-adriatic.eu\/?page_id=10"},"modified":"2024-12-24T22:12:26","modified_gmt":"2024-12-24T20:12:26","slug":"domov","status":"publish","type":"page","link":"https:\/\/www.hydra-adriatic.eu\/","title":{"rendered":"Domov"},"content":{"rendered":"\t\t<div data-elementor-type=\"wp-page\" data-elementor-id=\"10\" class=\"elementor elementor-10\">\n\t\t\t\t<div class=\"elementor-element elementor-element-909a310 e-con-full e-flex e-con e-parent\" data-id=\"909a310\" data-element_type=\"container\" data-settings=\"{&quot;background_background&quot;:&quot;classic&quot;}\">\n\t\t\t\t<div class=\"elementor-element elementor-element-2b525e2 elementor-widget elementor-widget-image\" data-id=\"2b525e2\" data-element_type=\"widget\" data-widget_type=\"image.default\">\n\t\t\t\t<div class=\"elementor-widget-container\">\n\t\t\t\t\t\t\t\t\t\t\t\t\t\t\t<img fetchpriority=\"high\" decoding=\"async\" width=\"1024\" height=\"425\" src=\"https:\/\/www.hydra-adriatic.eu\/wp-content\/uploads\/2024\/03\/Website-Banner_Hydra-shine-Colletions-1024x425.jpg\" class=\"attachment-large size-large wp-image-238\" alt=\"\" srcset=\"https:\/\/www.hydra-adriatic.eu\/wp-content\/uploads\/2024\/03\/Website-Banner_Hydra-shine-Colletions-1024x425.jpg 1024w, https:\/\/www.hydra-adriatic.eu\/wp-content\/uploads\/2024\/03\/Website-Banner_Hydra-shine-Colletions-300x124.jpg 300w, https:\/\/www.hydra-adriatic.eu\/wp-content\/uploads\/2024\/03\/Website-Banner_Hydra-shine-Colletions-768x318.jpg 768w, https:\/\/www.hydra-adriatic.eu\/wp-content\/uploads\/2024\/03\/Website-Banner_Hydra-shine-Colletions-600x249.jpg 600w, https:\/\/www.hydra-adriatic.eu\/wp-content\/uploads\/2024\/03\/Website-Banner_Hydra-shine-Colletions.jpg 1500w\" sizes=\"(max-width: 1024px) 100vw, 1024px\" \/>\t\t\t\t\t\t\t\t\t\t\t\t\t\t\t<\/div>\n\t\t\t\t<\/div>\n\t\t\t\t<\/div>\n\t\t<div class=\"elementor-element elementor-element-580ef30 e-flex e-con-boxed e-con e-parent\" data-id=\"580ef30\" data-element_type=\"container\">\n\t\t\t\t\t<div class=\"e-con-inner\">\n\t\t<div class=\"elementor-element elementor-element-62a32d9 e-con-full e-flex e-con e-child\" data-id=\"62a32d9\" data-element_type=\"container\">\n\t\t\t\t<div class=\"elementor-element elementor-element-4f096b3 elementor-widget elementor-widget-image\" data-id=\"4f096b3\" data-element_type=\"widget\" data-widget_type=\"image.default\">\n\t\t\t\t<div class=\"elementor-widget-container\">\n\t\t\t\t\t\t\t\t\t\t\t\t\t\t\t<img decoding=\"async\" src=\"https:\/\/www.hydra-adriatic.eu\/wp-content\/uploads\/elementor\/thumbs\/Hydra_gold_whitebackground2-qeyo47cdhxpx74neszurp8dj8t1rwo6llv90h20kck.png\" title=\"Hydra_gold_whitebackground2\" alt=\"Hydra_gold_whitebackground2\" loading=\"lazy\" \/>\t\t\t\t\t\t\t\t\t\t\t\t\t\t\t<\/div>\n\t\t\t\t<\/div>\n\t\t\t\t<\/div>\n\t\t<div class=\"elementor-element elementor-element-3677ae1 e-con-full e-flex e-con e-child\" data-id=\"3677ae1\" data-element_type=\"container\">\n\t\t\t\t<div class=\"elementor-element elementor-element-26b16ca elementor-widget elementor-widget-heading\" data-id=\"26b16ca\" data-element_type=\"widget\" data-widget_type=\"heading.default\">\n\t\t\t\t<div class=\"elementor-widget-container\">\n\t\t\t\t\t<h1 class=\"elementor-heading-title elementor-size-default\">Vrhunska kozmetika za male \u017eivali ...<\/h1>\t\t\t\t<\/div>\n\t\t\t\t<\/div>\n\t\t\t\t<div class=\"elementor-element elementor-element-3f26399 elementor-widget elementor-widget-text-editor\" data-id=\"3f26399\" data-element_type=\"widget\" data-widget_type=\"text-editor.default\">\n\t\t\t\t<div class=\"elementor-widget-container\">\n\t\t\t\t\t\t\t\t\t<p>&#8230; ustvarjena v najbolj dovr\u0161enem laboratoriju ju\u017ene Amerike.\u00a0<\/p><p>&#8230; sestavine, ki jih Hydra uporablja so enake kvalitete, kot jih uporabljajo proizvajalci kozmeti\u010dnih izdelkov za ljudi.\u00a0<\/p>\t\t\t\t\t\t\t\t<\/div>\n\t\t\t\t<\/div>\n\t\t\t\t<\/div>\n\t\t\t\t\t<\/div>\n\t\t\t\t<\/div>\n\t\t<div class=\"elementor-element elementor-element-0967ca9 e-flex e-con-boxed e-con e-parent\" data-id=\"0967ca9\" data-element_type=\"container\" data-settings=\"{&quot;background_background&quot;:&quot;classic&quot;}\">\n\t\t\t\t\t<div class=\"e-con-inner\">\n\t\t\t\t<div class=\"elementor-element elementor-element-cfaea63 elementor-widget elementor-widget-spacer\" data-id=\"cfaea63\" data-element_type=\"widget\" data-widget_type=\"spacer.default\">\n\t\t\t\t<div class=\"elementor-widget-container\">\n\t\t\t\t\t\t\t<div class=\"elementor-spacer\">\n\t\t\t<div class=\"elementor-spacer-inner\"><\/div>\n\t\t<\/div>\n\t\t\t\t\t\t<\/div>\n\t\t\t\t<\/div>\n\t\t\t\t<div class=\"elementor-element elementor-element-aea9b1f elementor-widget elementor-widget-heading\" data-id=\"aea9b1f\" data-element_type=\"widget\" data-widget_type=\"heading.default\">\n\t\t\t\t<div class=\"elementor-widget-container\">\n\t\t\t\t\t<h1 class=\"elementor-heading-title elementor-size-default\">Zasijte s pomo\u010djo Hydre!<\/h1>\t\t\t\t<\/div>\n\t\t\t\t<\/div>\n\t\t\t\t<div class=\"elementor-element elementor-element-4c042e2 elementor-widget elementor-widget-text-editor\" data-id=\"4c042e2\" data-element_type=\"widget\" data-widget_type=\"text-editor.default\">\n\t\t\t\t<div class=\"elementor-widget-container\">\n\t\t\t\t\t\t\t\t\t<p style=\"text-align: center;\">Izberite le najbolj\u0161e za nego psov in ma\u010dk! <br \/>Najbolj\u0161e sestavine vam bodo pomagale, da s pomo\u010djo izvrstnih izdelkov znamke Hydra dose\u017eete vrhunske rezultate! Na\u0161i proizvodi bodo kos vsem te\u017eavam, s katerimi se boste sre\u010dali \u2013 naj bo pri doma\u010di negi ali v profesionalnem salonu za nego malih \u017eivali.\u00a0<\/p>\t\t\t\t\t\t\t\t<\/div>\n\t\t\t\t<\/div>\n\t\t\t\t\t<\/div>\n\t\t\t\t<\/div>\n\t\t<div class=\"elementor-element elementor-element-bed0f33 e-flex e-con-boxed e-con e-parent\" data-id=\"bed0f33\" data-element_type=\"container\" data-settings=\"{&quot;background_background&quot;:&quot;classic&quot;}\">\n\t\t\t\t\t<div class=\"e-con-inner\">\n\t\t<div class=\"elementor-element elementor-element-0577220 e-con-full e-flex e-con e-child\" data-id=\"0577220\" data-element_type=\"container\">\n\t\t\t\t<div class=\"elementor-element elementor-element-1727aa0 elementor-widget elementor-widget-image\" data-id=\"1727aa0\" data-element_type=\"widget\" data-widget_type=\"image.default\">\n\t\t\t\t<div class=\"elementor-widget-container\">\n\t\t\t\t\t\t\t\t\t\t\t\t\t\t\t<img decoding=\"async\" width=\"950\" height=\"600\" src=\"https:\/\/www.hydra-adriatic.eu\/wp-content\/uploads\/2024\/03\/Groomers-line-sh-con.png\" class=\"attachment-large size-large wp-image-239\" alt=\"\" srcset=\"https:\/\/www.hydra-adriatic.eu\/wp-content\/uploads\/2024\/03\/Groomers-line-sh-con.png 950w, https:\/\/www.hydra-adriatic.eu\/wp-content\/uploads\/2024\/03\/Groomers-line-sh-con-300x189.png 300w, https:\/\/www.hydra-adriatic.eu\/wp-content\/uploads\/2024\/03\/Groomers-line-sh-con-768x485.png 768w, https:\/\/www.hydra-adriatic.eu\/wp-content\/uploads\/2024\/03\/Groomers-line-sh-con-600x379.png 600w\" sizes=\"(max-width: 950px) 100vw, 950px\" \/>\t\t\t\t\t\t\t\t\t\t\t\t\t\t\t<\/div>\n\t\t\t\t<\/div>\n\t\t\t\t<\/div>\n\t\t<div class=\"elementor-element elementor-element-5d2101c e-con-full e-flex e-con e-child\" data-id=\"5d2101c\" data-element_type=\"container\">\n\t\t\t\t<div class=\"elementor-element elementor-element-31f6ebd elementor-widget elementor-widget-spacer\" data-id=\"31f6ebd\" data-element_type=\"widget\" data-widget_type=\"spacer.default\">\n\t\t\t\t<div class=\"elementor-widget-container\">\n\t\t\t\t\t\t\t<div class=\"elementor-spacer\">\n\t\t\t<div class=\"elementor-spacer-inner\"><\/div>\n\t\t<\/div>\n\t\t\t\t\t\t<\/div>\n\t\t\t\t<\/div>\n\t\t\t\t<div class=\"elementor-element elementor-element-da76daf elementor-widget elementor-widget-heading\" data-id=\"da76daf\" data-element_type=\"widget\" data-widget_type=\"heading.default\">\n\t\t\t\t<div class=\"elementor-widget-container\">\n\t\t\t\t\t<h3 class=\"elementor-heading-title elementor-size-default\">Bogat izbor izdelkov<\/h3>\t\t\t\t<\/div>\n\t\t\t\t<\/div>\n\t\t\t\t<div class=\"elementor-element elementor-element-4ead988 elementor-widget elementor-widget-text-editor\" data-id=\"4ead988\" data-element_type=\"widget\" data-widget_type=\"text-editor.default\">\n\t\t\t\t<div class=\"elementor-widget-container\">\n\t\t\t\t\t\t\t\t\t<p>Linija HYDRA GROOMERS izdelkov ima bogat nabor odli\u010dnih izdelkov za nego, ki pomagajo vsakemu ljubljen\u010dku zasijati v najbolj\u0161i lu\u010di!<\/p>\t\t\t\t\t\t\t\t<\/div>\n\t\t\t\t<\/div>\n\t\t\t\t<div class=\"elementor-element elementor-element-d9ecf29 elementor-widget elementor-widget-heading\" data-id=\"d9ecf29\" data-element_type=\"widget\" data-widget_type=\"heading.default\">\n\t\t\t\t<div class=\"elementor-widget-container\">\n\t\t\t\t\t<h5 class=\"elementor-heading-title elementor-size-default\">HYDRA GROOMERS je profesionalna linija izdelkov, ki skrbi za najbolj\u0161e rezultate tako pri negi ljubljencev kot razstavnih psov in ma\u010dk.<\/h5>\t\t\t\t<\/div>\n\t\t\t\t<\/div>\n\t\t\t\t<\/div>\n\t\t\t\t\t<\/div>\n\t\t\t\t<\/div>\n\t\t<div class=\"elementor-element elementor-element-992743c e-flex e-con-boxed e-con e-parent\" data-id=\"992743c\" data-element_type=\"container\" data-settings=\"{&quot;background_background&quot;:&quot;classic&quot;}\">\n\t\t\t\t\t<div class=\"e-con-inner\">\n\t\t\t\t<div class=\"elementor-element elementor-element-d660a53 elementor-widget elementor-widget-spacer\" data-id=\"d660a53\" data-element_type=\"widget\" data-widget_type=\"spacer.default\">\n\t\t\t\t<div class=\"elementor-widget-container\">\n\t\t\t\t\t\t\t<div class=\"elementor-spacer\">\n\t\t\t<div class=\"elementor-spacer-inner\"><\/div>\n\t\t<\/div>\n\t\t\t\t\t\t<\/div>\n\t\t\t\t<\/div>\n\t\t\t\t<div class=\"elementor-element elementor-element-eec8b14 elementor-widget-divider--view-line_icon elementor-view-default elementor-widget-divider--element-align-center elementor-widget elementor-widget-divider\" data-id=\"eec8b14\" data-element_type=\"widget\" data-widget_type=\"divider.default\">\n\t\t\t\t<div class=\"elementor-widget-container\">\n\t\t\t\t\t\t\t<div class=\"elementor-divider\">\n\t\t\t<span class=\"elementor-divider-separator\">\n\t\t\t\t\t\t\t<div class=\"elementor-icon elementor-divider__element\">\n\t\t\t\t\t<svg aria-hidden=\"true\" class=\"e-font-icon-svg e-fas-star\" viewBox=\"0 0 576 512\" xmlns=\"http:\/\/www.w3.org\/2000\/svg\"><path d=\"M259.3 17.8L194 150.2 47.9 171.5c-26.2 3.8-36.7 36.1-17.7 54.6l105.7 103-25 145.5c-4.5 26.3 23.2 46 46.4 33.7L288 439.6l130.7 68.7c23.2 12.2 50.9-7.4 46.4-33.7l-25-145.5 105.7-103c19-18.5 8.5-50.8-17.7-54.6L382 150.2 316.7 17.8c-11.7-23.6-45.6-23.9-57.4 0z\"><\/path><\/svg><\/div>\n\t\t\t\t\t\t<\/span>\n\t\t<\/div>\n\t\t\t\t\t\t<\/div>\n\t\t\t\t<\/div>\n\t\t\t\t<div class=\"elementor-element elementor-element-f0eb7ce elementor-widget elementor-widget-heading\" data-id=\"f0eb7ce\" data-element_type=\"widget\" data-widget_type=\"heading.default\">\n\t\t\t\t<div class=\"elementor-widget-container\">\n\t\t\t\t\t<h2 class=\"elementor-heading-title elementor-size-default\">Spoznaj vse skrivnosti na\u0161ih izdelkov v na\u0161i spletni trgovini<\/h2>\t\t\t\t<\/div>\n\t\t\t\t<\/div>\n\t\t\t\t<div class=\"elementor-element elementor-element-e61f95e elementor-align-center elementor-widget elementor-widget-button\" data-id=\"e61f95e\" data-element_type=\"widget\" data-widget_type=\"button.default\">\n\t\t\t\t<div class=\"elementor-widget-container\">\n\t\t\t\t\t\t\t\t\t<div class=\"elementor-button-wrapper\">\n\t\t\t\t\t<a class=\"elementor-button elementor-button-link elementor-size-sm\" href=\"https:\/\/shop.hydra-adriatic.eu\/index.php?id_lang=2\">\n\t\t\t\t\t\t<span class=\"elementor-button-content-wrapper\">\n\t\t\t\t\t\t\t\t\t<span class=\"elementor-button-text\">HYDRA IZDELKI<\/span>\n\t\t\t\t\t<\/span>\n\t\t\t\t\t<\/a>\n\t\t\t\t<\/div>\n\t\t\t\t\t\t\t\t<\/div>\n\t\t\t\t<\/div>\n\t\t\t\t<div class=\"elementor-element elementor-element-a32e17a elementor-widget elementor-widget-spacer\" data-id=\"a32e17a\" data-element_type=\"widget\" data-widget_type=\"spacer.default\">\n\t\t\t\t<div class=\"elementor-widget-container\">\n\t\t\t\t\t\t\t<div class=\"elementor-spacer\">\n\t\t\t<div class=\"elementor-spacer-inner\"><\/div>\n\t\t<\/div>\n\t\t\t\t\t\t<\/div>\n\t\t\t\t<\/div>\n\t\t\t\t\t<\/div>\n\t\t\t\t<\/div>\n\t\t\t\t<\/div>\n\t\t","protected":false},"excerpt":{"rendered":"<p>Vrhunska kozmetika za male \u017eivali &#8230; &#8230; ustvarjena v najbolj dovr\u0161enem laboratoriju ju\u017ene Amerike.\u00a0 &#8230; sestavine, ki jih Hydra uporablja so enake kvalitete, kot jih uporabljajo proizvajalci kozmeti\u010dnih izdelkov za ljudi.\u00a0 Zasijte s pomo\u010djo Hydre! Izberite le najbolj\u0161e za nego &hellip; <a class=\"kt-excerpt-readmore more-link\" href=\"https:\/\/www.hydra-adriatic.eu\/\">Read More<\/a><\/p>\n","protected":false},"author":1,"featured_media":0,"parent":0,"menu_order":0,"comment_status":"closed","ping_status":"closed","template":"","meta":{"footnotes":""},"_links":{"self":[{"href":"https:\/\/www.hydra-adriatic.eu\/index.php\/wp-json\/wp\/v2\/pages\/10"}],"collection":[{"href":"https:\/\/www.hydra-adriatic.eu\/index.php\/wp-json\/wp\/v2\/pages"}],"about":[{"href":"https:\/\/www.hydra-adriatic.eu\/index.php\/wp-json\/wp\/v2\/types\/page"}],"author":[{"embeddable":true,"href":"https:\/\/www.hydra-adriatic.eu\/index.php\/wp-json\/wp\/v2\/users\/1"}],"replies":[{"embeddable":true,"href":"https:\/\/www.hydra-adriatic.eu\/index.php\/wp-json\/wp\/v2\/comments?post=10"}],"version-history":[{"count":86,"href":"https:\/\/www.hydra-adriatic.eu\/index.php\/wp-json\/wp\/v2\/pages\/10\/revisions"}],"predecessor-version":[{"id":467,"href":"https:\/\/www.hydra-adriatic.eu\/index.php\/wp-json\/wp\/v2\/pages\/10\/revisions\/467"}],"wp:attachment":[{"href":"https:\/\/www.hydra-adriatic.eu\/index.php\/wp-json\/wp\/v2\/media?parent=10"}],"curies":[{"name":"wp","href":"https:\/\/api.w.org\/{rel}","templated":true}]}}